{"id":2711,"date":"2025-05-13T14:22:41","date_gmt":"2025-05-13T14:22:41","guid":{"rendered":"https:\/\/www.ervadaninha.pt\/trengo.pt\/?page_id=2711"},"modified":"2025-06-18T13:05:14","modified_gmt":"2025-06-18T13:05:14","slug":"tot-be-cia-curolles-es","status":"publish","type":"page","link":"https:\/\/www.ervadaninha.pt\/trengo.pt\/tot-be-cia-curolles-es\/","title":{"rendered":"TOT B\u00c9\u00a0| Cia Curolles [ES]"},"content":{"rendered":"\n<p>27 jun 18h30 e 29 jun 19h00 Parque Covelo | 28 junho 17h30 Teatro Viriato* | 45\u2019 | M3&nbsp;&nbsp;&nbsp;<\/p>\n\n\n\n<figure class=\"wp-block-embed is-type-video is-provider-youtube wp-block-embed-youtube wp-embed-aspect-16-9 wp-has-aspect-ratio\"><div class=\"wp-block-embed__wrapper\">\n<div class=\"jetpack-video-wrapper\"><span class=\"embed-youtube\" style=\"text-align:center; display: block;\"><iframe loading=\"lazy\" class=\"youtube-player\" width=\"764\" height=\"430\" src=\"https:\/\/www.youtube.com\/embed\/nVaHsW84BWE?version=3&#038;rel=1&#038;showsearch=0&#038;showinfo=1&#038;iv_load_policy=1&#038;fs=1&#038;hl=pt-PT&#038;autohide=2&#038;start=9&#038;wmode=transparent\" allowfullscreen=\"true\" style=\"border:0;\" sandbox=\"allow-scripts allow-same-origin allow-popups allow-presentation allow-popups-to-escape-sandbox\"><\/iframe><\/span><\/div>\n<\/div><\/figure>\n\n\n\n<p>Duas mentes \u201cpassadas da marmita\u201d trazem a cena a sua oficina. Tomando o pe\u00e3o como ponto de partida, carregam este brinquedo para lugares inesperados, abrindo a porta para um mundo de possibilidades nas quais apenas a f\u00edsica estabelece os limites. Um carrinho de m\u00e3o, uma escada, pratos de fazer pontaria, muita corda, toneladas de serragem e uma variedade de pe\u00f5es feitos \u00e0 m\u00e3o s\u00e3o as pe\u00e7as que comp\u00f5em este jogo em que o sucesso e o fracasso s\u00e3o medidos de acordo com o tamanho dos sorrisos do p\u00fablico.&nbsp;<\/p>\n\n\n\n<p><mark style=\"background-color:rgba(0, 0, 0, 0)\" class=\"has-inline-color has-cyan-bluish-gray-color\"><em>Two minds &#8220;off their rocker&#8221; bring their workshop to the stage. Using the spinning top as a starting point, they carry this toy to unexpected places, opening the door to a world of possibilities where only physics sets the limits. A wheelbarrow, a ladder, target plates, plenty of rope, tons of sawdust, and a variety of handmade spinning tops are the pieces that make up this game in which success and failure are measured by the size of the audience&#8217;s smiles.&nbsp;<\/em><\/mark><em><mark style=\"background-color:rgba(0, 0, 0, 0)\" class=\"has-inline-color has-cyan-bluish-gray-color\">&nbsp;<\/mark><\/em><\/p>\n\n\n\n<p>interpreta\u00e7\u00e3o <mark style=\"background-color:rgba(0, 0, 0, 0)\" class=\"has-inline-color has-cyan-bluish-gray-color\"><em>performance <\/em><\/mark>FRANCISCO VALLS ORDINAS, SKYE CERD\u00c0 BOTA | dire\u00e7\u00e3o art\u00edstica <em><mark style=\"background-color:rgba(0, 0, 0, 0)\" class=\"has-inline-color has-cyan-bluish-gray-color\">artistic <\/mark>direction<\/em> CIA CUROLLES&nbsp;<\/p>\n\n\n\n<p>Espet\u00e1culo programado com o apoio do Instituto Ramon Llull e Acci\u00f3n Cultural Espa\u00f1ola (AC\/E).<\/p>\n\n\n\n<p><mark style=\"background-color:rgba(0, 0, 0, 0)\" class=\"has-inline-color has-cyan-bluish-gray-color\"><em>Show scheduled with the support of <strong>Institut Ramon Llull <\/strong>and <strong>Acci\u00f3n Cultural Espa\u00f1ola (AC\/E)<\/strong>.<\/em><\/mark><\/p>\n\n\n\n<p><a href=\"https:\/\/www.instagram.com\/cia_curolles\/\" data-type=\"link\" data-id=\"https:\/\/www.instagram.com\/cia_curolles\/\" target=\"_blank\" rel=\"noreferrer noopener\">Web<\/a><\/p>\n\n\n\n<p>*Extens\u00e3o Trengo Viseu &#8211; espet\u00e1culo&nbsp;<\/p>\n\n\n\n<p><\/p>\n","protected":false},"excerpt":{"rendered":"<p>27 jun 18h30 e 29 jun 19h00 Parque Covelo | 28 junho 17h30 Teatro Viriato* | 45\u2019 | M3&nbsp;&nbsp;&nbsp; Duas mentes \u201cpassadas da marmita\u201d trazem a cena a sua oficina. Tomando o pe\u00e3o como ponto de partida, carregam este brinquedo para lugares inesperados, abrindo a porta para um mundo de possibilidades nas quais apenas a [&hellip;]<\/p>\n","protected":false},"author":1,"featured_media":0,"parent":0,"menu_order":0,"comment_status":"closed","ping_status":"closed","template":"fullwidth-page.php","meta":{"__cvm_playback_settings":[],"__cvm_video_id":"","jetpack_post_was_ever_published":false,"footnotes":""},"tags":[],"class_list":["post-2711","page","type-page","status-publish","hentry"],"jetpack_sharing_enabled":true,"jetpack_shortlink":"https:\/\/wp.me\/P9YCMM-HJ","_links":{"self":[{"href":"https:\/\/www.ervadaninha.pt\/trengo.pt\/wp-json\/wp\/v2\/pages\/2711","targetHints":{"allow":["GET"]}}],"collection":[{"href":"https:\/\/www.ervadaninha.pt\/trengo.pt\/wp-json\/wp\/v2\/pages"}],"about":[{"href":"https:\/\/www.ervadaninha.pt\/trengo.pt\/wp-json\/wp\/v2\/types\/page"}],"author":[{"embeddable":true,"href":"https:\/\/www.ervadaninha.pt\/trengo.pt\/wp-json\/wp\/v2\/users\/1"}],"replies":[{"embeddable":true,"href":"https:\/\/www.ervadaninha.pt\/trengo.pt\/wp-json\/wp\/v2\/comments?post=2711"}],"version-history":[{"count":2,"href":"https:\/\/www.ervadaninha.pt\/trengo.pt\/wp-json\/wp\/v2\/pages\/2711\/revisions"}],"predecessor-version":[{"id":2827,"href":"https:\/\/www.ervadaninha.pt\/trengo.pt\/wp-json\/wp\/v2\/pages\/2711\/revisions\/2827"}],"wp:attachment":[{"href":"https:\/\/www.ervadaninha.pt\/trengo.pt\/wp-json\/wp\/v2\/media?parent=2711"}],"wp:term":[{"taxonomy":"post_tag","embeddable":true,"href":"https:\/\/www.ervadaninha.pt\/trengo.pt\/wp-json\/wp\/v2\/tags?post=2711"}],"curies":[{"name":"wp","href":"https:\/\/api.w.org\/{rel}","templated":true}]}}